{"id":10947,"date":"2025-10-10T13:27:23","date_gmt":"2025-10-10T13:27:23","guid":{"rendered":"https:\/\/lacasermetta.com\/?page_id=10947"},"modified":"2025-10-10T13:27:24","modified_gmt":"2025-10-10T13:27:24","slug":"dienstleistungen-2","status":"publish","type":"page","link":"https:\/\/lacasermetta.com\/de\/dienstleistungen-2\/","title":{"rendered":"Dienstleistungen"},"content":{"rendered":"<div class=\"wpb-content-wrapper\"><p>[vc_row css=&#8221;{&#8220;mobile_portrait&#8220;: {&#8220;padding-top&#8220;: &#8220;25&#8220;,&#8220;padding-bottom&#8220;: &#8220;68&#8220;}}&#8221; uniqid=&#8221;5ef484c660c86&#8243;][vc_column width=&#8221;1\/2&#8243;]\t\t\t\t\t\t\t<div class=\"portfolio-block portfolio-type-cascade portfolio-5ef45ae9104cc popup-gallery gap-on\">\n\t\t\t\t\t\t\t\t\t\t\t<div class=\"nav-arrows\">\n\t\t\t\t\t\t\t<div class=\"prev base-icon-prev-2\"><\/div>\n\t\t\t\t\t\t\t<div class=\"next base-icon-next-2\"><\/div>\n\t\t\t\t\t\t<\/div>\n\t\t\t\t\t\t\t\t\t\t<div class=\"swiper-container\">\n\t\t\t\t\t\t<div class=\"swiper-wrapper\">\n\t\t\t\t\t\t\t\t\t\t<article class=\"portfolio-item swiper-slide category-39 popup-item\">\n\t\t\t\t<div class=\"wrap\">\n\t\t\t\t\t\t\t\t\t\t<div class=\"icon base-icon-plus\"><\/div>\n\t\t\t\t\t<div class=\"img\" style=\"background-image: url(https:\/\/lacasermetta.com\/wp-content\/uploads\/2022\/01\/AnyConv.com__IMG_7113-768x1024.jpeg)\"><\/div>\n\t\t\t\t\t<div class=\"content\">\n\t\t\t\t\t\t<h6 class=\"title\">Panelatte<\/h6>\n\t\t\t\t\t<\/div>\n\t\t\t\t\t<a href=\"https:\/\/lacasermetta.com\/wp-content\/uploads\/2022\/01\/AnyConv.com__IMG_7113-scaled-e1657106579911.jpeg\" class=\"link\" data-size=\"1425x1900\" data-magic-cursor=\"link-w-text\" data-magic-cursor-text=\"View\" data-id=\"1\"><\/a>\t\t\t\t<\/div>\n\t\t\t<\/article>\n\t\t\t\t\t<article class=\"portfolio-item swiper-slide category-39 popup-item\">\n\t\t\t\t<div class=\"wrap\">\n\t\t\t\t\t\t\t\t\t\t<div class=\"icon base-icon-plus\"><\/div>\n\t\t\t\t\t<div class=\"img\" style=\"background-image: url(https:\/\/lacasermetta.com\/wp-content\/uploads\/2022\/06\/AnyConv.com__IMG_7094-768x1024.jpeg)\"><\/div>\n\t\t\t\t\t<div class=\"content\">\n\t\t\t\t\t\t<h6 class=\"title\">Secondo Piano<\/h6>\n\t\t\t\t\t<\/div>\n\t\t\t\t\t<a href=\"https:\/\/lacasermetta.com\/wp-content\/uploads\/2022\/06\/AnyConv.com__IMG_7094-scaled-e1657106380878.jpeg\" class=\"link\" data-size=\"1425x1900\" data-magic-cursor=\"link-w-text\" data-magic-cursor-text=\"View\" data-id=\"2\"><\/a>\t\t\t\t<\/div>\n\t\t\t<\/article>\n\t\t\t\t\t\t\t\t<\/div>\n\t\t\t\t\t<\/div>\n\t\t\t\t<\/div>\n\t\t\t[\/vc_column][vc_column width=&#8221;1\/2&#8243;][vc_column_text css=&#8221;{}&#8221; uniqid=&#8221;67aa381e907b4&#8243;]<\/p>\n<h2>Servizi selezionati per ogni cliente.<\/h2>\n<p>Il benessere del cliente \u00e8 ci\u00f2 che a noi sta pi\u00f9 a cuore.<br \/>\nLa Casermetta offre una serie di servizi aggiuntivi che rendono la vacanza di tutti gli ospiti un&#8217;esperienza a 360 gradi. Con noi puoi noleggiare una bicicletta e visitare la Valle in completa sicurezza, mangiare al sacco comodamente grazie allo Zaino Pic-Nic o rilassarti in struttura con un bel libro o una lezione di yoga. Grazie a preziose collaborazioni, i clienti possono organizzare gite in montagna con guide esperte.<\/p>\n<h5>Team La Casermetta<\/h5>\n<p>[\/vc_column_text][\/vc_column][\/vc_row][vc_row full_width=&#8221;stretch_row&#8221; pattern_overlay=&#8221;type3&#8243; uniqid=&#8221;5eecbaf1ff388&#8243; pattern_overlay_color=&#8221;#363636&#8243; background_color=&#8221;#404040&#8243;][vc_column offset=&#8221;vc_col-lg-8 vc_col-md-9&#8243; uniqid=&#8221;5eecbcc6f3f2c&#8221;][vc_column_text css=&#8221;{}&#8221; uniqid=&#8221;67aa478b44dab&#8221;]<\/p>\n<h3><span style=\"color: #ffffff;\">Das Vergn\u00fcgen, die Berge zu erleben<\/span><\/h3>\n<p><span style=\"color: #ffffff;\">Ob Sie der Liebe oder dem Trubel der Stadt entfliehen wollen, ein Wochenende mit der Familie, einen Ausflug in die Berge oder einfach nur einen erholsamen Urlaub verbringen m\u00f6chten, wir helfen Ihnen, Ihren Aufenthalt in Santa Maria Maggiore perfekt zu gestalten.<\/span><\/p>\n<p><a href=\"https:\/\/www.siriobluevision.it\/mappeinterattive\/f2valvigezzoest-lacasermetta\/\" target=\"_blank\" rel=\"noopener\"><strong>Interaktive Karte<\/strong><\/a><\/p>\n<p><a href=\"https:\/\/youtu.be\/6-Y491nyrs4\" target=\"_blank\" rel=\"noopener\"><strong>S.M.M. entdecken<\/strong><\/a>[\/vc_column_text][\/vc_column][\/vc_row][vc_row][vc_column offset=&#8221;vc_col-lg-8 vc_col-md-9&#8243; uniqid=&#8221;5ef331e6efe91&#8243;]\t\t\t\t\t\t\t<div class=\"portfolio-block portfolio-type-carousel portfolio-5ef331c1b8f4d popup-gallery gap-on carousel-style2\">\n\t\t\t\t\t\t\t\t\t\t\t\t\t\t\t\t\t\t<div class=\"prev base-icon-prev-2\"><\/div>\n\t\t\t\t\t\t\t<div class=\"next base-icon-next-2\"><\/div>\n\t\t\t\t\t\t\t\t\t\t\t\t\t\t\t\t<div class=\"swiper-container\">\n\t\t\t\t\t\t<div class=\"swiper-wrapper\">\n\t\t\t\t\t\t\t\t\t\t<article class=\"portfolio-item swiper-slide category-33 popup-item\">\n\t\t\t\t<div class=\"wrap\">\n\t\t\t\t\t\t\t\t\t\t<div class=\"icon base-icon-plus\"><\/div>\n\t\t\t\t\t<div class=\"img\" style=\"background-image: url(https:\/\/lacasermetta.com\/wp-content\/uploads\/2019\/11\/IMG_7375-1024x768.jpg)\"><\/div>\n\t\t\t\t\t<div class=\"content\">\n\t\t\t\t\t\t<h6 class=\"title\">Relax<\/h6>\n\t\t\t\t\t<\/div>\n\t\t\t\t\t<a href=\"https:\/\/lacasermetta.com\/wp-content\/uploads\/2019\/11\/IMG_7375-scaled-e1657105265360.jpg\" class=\"link\" data-size=\"1900x1425\" data-magic-cursor=\"link-w-text\" data-magic-cursor-text=\"View\" data-id=\"1\"><\/a>\t\t\t\t<\/div>\n\t\t\t<\/article>\n\t\t\t\t\t<article class=\"portfolio-item swiper-slide category-33 popup-item\">\n\t\t\t\t<div class=\"wrap\">\n\t\t\t\t\t\t\t\t\t\t<div class=\"icon base-icon-plus\"><\/div>\n\t\t\t\t\t<div class=\"img\" style=\"background-image: url(https:\/\/lacasermetta.com\/wp-content\/uploads\/2022\/06\/Conca-alpeggi-circostanti-la-Colma-di-Craveggia-1024x768.jpeg)\"><\/div>\n\t\t\t\t\t<div class=\"content\">\n\t\t\t\t\t\t<h6 class=\"title\">Biciclette<\/h6>\n\t\t\t\t\t<\/div>\n\t\t\t\t\t<a href=\"https:\/\/lacasermetta.com\/wp-content\/uploads\/2022\/06\/Conca-alpeggi-circostanti-la-Colma-di-Craveggia.jpeg\" class=\"link\" data-size=\"1200x900\" data-magic-cursor=\"link-w-text\" data-magic-cursor-text=\"View\" data-id=\"2\"><\/a>\t\t\t\t<\/div>\n\t\t\t<\/article>\n\t\t\t\t\t<article class=\"portfolio-item swiper-slide category-33 popup-item\">\n\t\t\t\t<div class=\"wrap\">\n\t\t\t\t\t\t\t\t\t\t<div class=\"icon base-icon-plus\"><\/div>\n\t\t\t\t\t<div class=\"img\" style=\"background-image: url(https:\/\/lacasermetta.com\/wp-content\/uploads\/2020\/06\/4-sac-a-dos-pique-nique-4-personnes-doug-publicitaire.jpeg)\"><\/div>\n\t\t\t\t\t<div class=\"content\">\n\t\t\t\t\t\t<h6 class=\"title\">Zaino Pic-Nic<\/h6>\n\t\t\t\t\t<\/div>\n\t\t\t\t\t<a href=\"https:\/\/lacasermetta.com\/wp-content\/uploads\/2020\/06\/4-sac-a-dos-pique-nique-4-personnes-doug-publicitaire.jpeg\" class=\"link\" data-size=\"800x800\" data-magic-cursor=\"link-w-text\" data-magic-cursor-text=\"View\" data-id=\"3\"><\/a>\t\t\t\t<\/div>\n\t\t\t<\/article>\n\t\t\t\t\t\t\t\t<\/div>\n\t\t\t\t\t<\/div>\n\t\t\t\t<\/div>\n\t\t\t[\/vc_column][vc_column offset=&#8221;vc_col-lg-4 vc_col-md-3&#8243; uniqid=&#8221;5ef3583b959c5&#8243;]      <div class=\"side-img-block side-img-block-5ef3584cc06df with-shadow to-right\">\n        <div style=\"background-image: url(https:\/\/lacasermetta.com\/wp-content\/uploads\/2022\/01\/AnyConv.com__IMG_7125-scaled.jpeg);\"><\/div>\n      <\/div>\n    [\/vc_column][\/vc_row][vc_row][vc_column][vc_column_text css=&#8221;{}&#8221; uniqid=&#8221;67aa576b24816&#8243;]<\/p>\n<h4 style=\"text-align: center;\">Bezahlte Dienstleistungen<\/h4>\n<p>&nbsp;<\/p>\n<p>[\/vc_column_text][\/vc_column][\/vc_row][vc_row full_width=&#8221;stretch_row_content&#8221; full_height=&#8221;yes&#8221; equal_height=&#8221;yes&#8221; css=&#8221;{}&#8221; uniqid=&#8221;67aa4a8fc5d37&#8243;][vc_column width=&#8221;1\/5&#8243; css=&#8221;{}&#8221; uniqid=&#8221;67aa5497be8ad&#8221; background_color=&#8221;#00000000&#8243;][vc_single_image image=&#8221;4789&#8243; img_size=&#8221;full&#8221; alignment=&#8221;center&#8221; css=&#8221;.vc_custom_1739215882201{margin-bottom: 0px !important;border-bottom-width: 0px !important;padding-bottom: 0px !important;}&#8221;][vc_cta h2=&#8221;&#8221; txt_align=&#8221;center&#8221; css=&#8221;&#8221;]<\/p>\n<h5>Fr\u00fchst\u00fcck<\/h5>\n<p>Das Fr\u00fchst\u00fcck wird von unserer Barbara am Tisch serviert und kann bei der Buchung oder direkt im Hotel angefordert werden. Es ist nur im Fr\u00fchst\u00fccksraum erh\u00e4ltlich. F\u00fcr G\u00e4ste einer Wohnung kann ein Fr\u00fchst\u00fcckskorb zum Verzehr in der Wohnung zubereitet werden.  <\/p>\n<p style=\"text-align: center;\"><strong>Zeitplan: 08:00 &#8211; 10:00<\/strong><br \/>\n<strong>Preis: 12\u20ac<\/strong><\/p>\n<p>&nbsp;<\/p>\n<p>[\/vc_cta][\/vc_column][vc_column width=&#8221;1\/5&#8243;][vc_single_image image=&#8221;4787&#8243; img_size=&#8221;full&#8221; alignment=&#8221;center&#8221; css=&#8221;.vc_custom_1739215889088{margin-bottom: 0px !important;border-bottom-width: 0px !important;padding-bottom: 0px !important;}&#8221;][vc_cta h2=&#8221;&#8221; txt_align=&#8221;center&#8221; css=&#8221;&#8221;]<\/p>\n<h5>Fahrradverleih<\/h5>\n<p>Mieten Sie eines unserer E-Bikes und begeben Sie sich auf eine abenteuerliche Bergtour oder eine entspannte Fahrt auf den Radwegen des Tals. Kontaktieren Sie uns jetzt, denn die Verf\u00fcgbarkeit ist begrenzt und wir empfehlen eine Reservierung im Voraus. <\/p>\n<p style=\"text-align: center;\"><strong>Begrenzte Verf\u00fcgbarkeit<\/strong><br \/>\n<strong>Mountain E-Bike\/Stadt-E-Bike<\/strong><br \/>\n<strong>1\/2 Tag 30\u20ac\/25\u20ac<\/strong><br \/>\n<strong>1 Tag 50\u20ac\/60\u20ac<\/strong><\/p>\n<p>[\/vc_cta][\/vc_column][vc_column width=&#8221;1\/5&#8243;][vc_single_image image=&#8221;4785&#8243; img_size=&#8221;full&#8221; alignment=&#8221;center&#8221; css=&#8221;.vc_custom_1739215895603{margin-bottom: 0px !important;border-bottom-width: 0px !important;padding-bottom: 0px !important;}&#8221;][vc_cta h2=&#8221;&#8221; txt_align=&#8221;center&#8221; css=&#8221;&#8221;]<\/p>\n<h5>W\u00e4scheservice<\/h5>\n<p>Wir haben einen kleinen Raum mit einer Waschmaschine und einem Trockner, den unsere G\u00e4ste bei Bedarf nutzen k\u00f6nnen.<\/p>\n<p style=\"text-align: center;\"><strong>Nur auf Anfrage<\/strong><br \/>\n<strong>Preis 5\u20ac<\/strong><\/p>\n<p>[\/vc_cta][\/vc_column][vc_column width=&#8221;1\/5&#8243;][vc_single_image image=&#8221;4788&#8243; img_size=&#8221;full&#8221; alignment=&#8221;center&#8221; css=&#8221;.vc_custom_1739215925289{margin-bottom: 0px !important;border-bottom-width: 0px !important;padding-bottom: 0px !important;}&#8221;][vc_cta h2=&#8221;&#8221; txt_align=&#8221;center&#8221; css=&#8221;&#8221;]<\/p>\n<h5>Pic Nic Rucksack<\/h5>\n<p>Wir bieten ein schmackhaftes Lunchpaket f\u00fcr diejenigen, die in den Bergen wandern m\u00f6chten, ohne eine H\u00fctte suchen zu m\u00fcssen, in der sie ihr Mittagessen einnehmen k\u00f6nnen. Wir stellen einen geliehenen K\u00fchlbox-Rucksack mit Besteck, Geschirr und Picknickdecke zur Verf\u00fcgung, den Sie bei der R\u00fcckkehr wieder abgeben m\u00fcssen. <\/p>\n<p style=\"text-align: center;\"><strong>Auf Anfrage<\/strong><br \/>\n<strong>Preis: 25\u20ac<\/strong><\/p>\n<p>&nbsp;<\/p>\n<p>[\/vc_cta][\/vc_column][vc_column width=&#8221;1\/5&#8243;][vc_single_image image=&#8221;4786&#8243; img_size=&#8221;full&#8221; alignment=&#8221;center&#8221; css=&#8221;.vc_custom_1739215904016{margin-bottom: 0px !important;border-bottom-width: 0px !important;padding-bottom: 0px !important;}&#8221;][vc_cta h2=&#8221;&#8221; txt_align=&#8221;center&#8221; css=&#8221;&#8221;]<\/p>\n<h5>Flaschen<\/h5>\n<p>Starten Sie mit einer stilvollen Behandlung und genie\u00dfen Sie Ihren Urlaub vom ersten Moment an. Genie\u00dfen Sie mit Ihrem Partner eine k\u00f6stliche Flasche Prosecco aus der Region in der Bequemlichkeit Ihres Zimmers. Fordern Sie es jetzt bei der Buchung oder direkt im Hotel an.  <\/p>\n<p style=\"text-align: center;\"><strong>Auf Anfrage<\/strong><br \/>\n<strong>Preis: 15\u20ac<\/strong><\/p>\n<p>[\/vc_cta][\/vc_column][\/vc_row][vc_row content_placement=&#8221;middle&#8221; uniqid=&#8221;5ef49ba9ef623&#8243; css=&#8221;{&#8220;mobile_portrait&#8220;: {&#8220;padding-bottom&#8220;: &#8220;45&#8220;}}&#8221;][vc_column width=&#8221;1\/2&#8243;][vc_column_text uniqid=&#8221;5ef49ac562ae4&#8243; el_class=&#8221;text-t1&#8243; css=&#8221;{}&#8221;]<\/p>\n<h4>Alle Dienstleistungen<\/h4>\n<p>Unsere Dienstleistungen sind so konzipiert, dass sie ein einzigartiges Erlebnis bieten und ein wichtiger Punkt bei der Aufrechterhaltung der Werte sind, an die wir glauben.<\/p>\n<p>[\/vc_column_text]    <div class=\"accordion-block accordion-block-69e014b4b259f\">\n          <div class=\"accordion-item accordion-item-6297c3141d1f6\">\n      <div class=\"top\">Check-in &amp; Check-out        <div class=\"button base-icon-next\"><\/div>\n      <\/div>\n      <div class=\"wrap\">Check-in: assistito dalle ore 14:00 alle ore 16:00; self check-in fino alle ore 23:00. Verranno forniti via mail o direttamente in struttura i codici di accesso per i tastierini numerici posti all'ingresso della struttura e delle camere. Si consiglia sempre il check-in online per velocizzare i tempi.<\/p>\n<p>Disponibile la custodia valigie in caso di arrivo in mattinata.<\/p>\n<p>Check-out: sempre assistito.<\/div>\n    <\/div>\n        <div class=\"accordion-item accordion-item-5ef49afcc51cd\">\n      <div class=\"top\">Parcheggio con ricarica        <div class=\"button base-icon-next\"><\/div>\n      <\/div>\n      <div class=\"wrap\">\u00c8 a disposizione degli ospiti un parcheggio gratuito di fianco alla struttura con possibilit\u00e0 di ricarica elettrica.<br \/>\nParcheggi disponibili anche nelle vie confinanti a pochi metri di distanza.<\/div>\n    <\/div>\n        <div class=\"accordion-item accordion-item-5ef49b07943e7\">\n      <div class=\"top\">Libreria        <div class=\"button base-icon-next\"><\/div>\n      <\/div>\n      <div class=\"wrap\">La nostra libreria, unica del suo genere perch\u00e8 all'interno di una ex camera detentiva, offre una selezione di oltre 2500 libri di generi e lingue diverse. Gli ospiti potranno immergersi nelle parole dei loro autori preferiti e riconsegnare il libro alla fine del soggiorno.<\/div>\n    <\/div>\n        <div class=\"accordion-item accordion-item-62ac202079f47\">\n      <div class=\"top\">Esposizione di arte locale        <div class=\"button base-icon-next\"><\/div>\n      <\/div>\n      <div class=\"wrap\">Nella nostra struttura potrete ammirare pezzi unici di arte locale con la possibilit\u00e0 di acquistarli.<br \/>\nAttualmente proponiamo alcune opere dell'artista Paolo Stefanelli.<\/div>\n    <\/div>\n        <div class=\"accordion-item accordion-item-62a33ed97acfb\">\n      <div class=\"top\">Cortile        <div class=\"button base-icon-next\"><\/div>\n      <\/div>\n      <div class=\"wrap\">Il nostro cortile \u00e8 un piccolo angolo di relax a disposizione di tutti gli ospiti. Facilmente accessibile e completamente sicuro, il giardino \u00e8 perfetto per un momento di svago, lettura, meditazione e molto altro. Nei mesi estivi \u00e8 possibile consumare la colazione anche all'aperto.<\/div>\n    <\/div>\n        <div class=\"accordion-item accordion-item-5ef49b1026cd7\">\n      <div class=\"top\">Lezioni di Yoga        <div class=\"button base-icon-next\"><\/div>\n      <\/div>\n      <div class=\"wrap\">La nostra amica Paola, insegnante qualificata e di grande competenza, si rende disponibile a tenere lezioni di yoga private o di gruppo su prenotazione. Richiedi la tua direttamente in struttura.<\/div>\n    <\/div>\n        <div class=\"accordion-item accordion-item-63329cb6535bd\">\n      <div class=\"top\">Escursioni in montagna        <div class=\"button base-icon-next\"><\/div>\n      <\/div>\n      <div class=\"wrap\">Una preziosa collaborazione con Ossolalpine, gruppo di esperte guide alpine, garantisce ai nostri clienti la possibilit\u00e0 di una serie di attivit\u00e0 in montagna di ogni genere, in ogni stagione.<br \/>\nL'offerta comprende escursioni in tutta la Val d'Ossola e comprende il trasporto in navetta.<\/div>\n    <\/div>\n        <\/div>\n    [\/vc_column][vc_column width=&#8221;1\/2&#8243; el_class=&#8221;Uomo con CaMicia a Fiori &#8211; Paolo Stefanelli&#8221; css=&#8221;{}&#8221; uniqid=&#8221;62b2147203005&#8243;]      <div class=\"side-img-block side-img-block-5ef49b3c0434e to-right\">\n        <div style=\"background-image: url(https:\/\/lacasermetta.com\/wp-content\/uploads\/2022\/06\/Screenshot-2022-06-17-at-08.41.13.png);\"><\/div>\n      <\/div>\n    [\/vc_column][\/vc_row]<\/p>\n<\/div>","protected":false},"excerpt":{"rendered":"<p>[vc_row css=&#8221;{&#8220;mobile_portrait&#8220;: {&#8220;padding-top&#8220;: &#8220;25&#8220;,&#8220;padding-bottom&#8220;: &#8220;68&#8220;}}&#8221; uniqid=&#8221;5ef484c660c86&#8243;][vc_column width=&#8221;1\/2&#8243;][\/vc_column][vc_column width=&#8221;1\/2&#8243;][vc_column_text css=&#8221;{}&#8221; uniqid=&#8221;67aa381e907b4&#8243;] Servizi selezionati per ogni cliente. Il benessere del cliente \u00e8 ci\u00f2 che a noi sta pi\u00f9 a cuore. La Casermetta offre una serie di servizi aggiuntivi che rendono la vacanza di tutti gli ospiti un&#8217;esperienza a 360 gradi. Con noi puoi noleggiare una bicicletta e [&hellip;]<\/p>\n","protected":false},"author":4,"featured_media":10997,"parent":0,"menu_order":0,"comment_status":"closed","ping_status":"closed","template":"","meta":{"_acf_changed":false,"footnotes":""},"class_list":["post-10947","page","type-page","status-publish","has-post-thumbnail","hentry"],"acf":[],"_links":{"self":[{"href":"https:\/\/lacasermetta.com\/de\/wp-json\/wp\/v2\/pages\/10947","targetHints":{"allow":["GET"]}}],"collection":[{"href":"https:\/\/lacasermetta.com\/de\/wp-json\/wp\/v2\/pages"}],"about":[{"href":"https:\/\/lacasermetta.com\/de\/wp-json\/wp\/v2\/types\/page"}],"author":[{"embeddable":true,"href":"https:\/\/lacasermetta.com\/de\/wp-json\/wp\/v2\/users\/4"}],"replies":[{"embeddable":true,"href":"https:\/\/lacasermetta.com\/de\/wp-json\/wp\/v2\/comments?post=10947"}],"version-history":[{"count":2,"href":"https:\/\/lacasermetta.com\/de\/wp-json\/wp\/v2\/pages\/10947\/revisions"}],"predecessor-version":[{"id":10951,"href":"https:\/\/lacasermetta.com\/de\/wp-json\/wp\/v2\/pages\/10947\/revisions\/10951"}],"wp:featuredmedia":[{"embeddable":true,"href":"https:\/\/lacasermetta.com\/de\/wp-json\/wp\/v2\/media\/10997"}],"wp:attachment":[{"href":"https:\/\/lacasermetta.com\/de\/wp-json\/wp\/v2\/media?parent=10947"}],"curies":[{"name":"wp","href":"https:\/\/api.w.org\/{rel}","templated":true}]}}