{"id":6967,"date":"2020-07-01T11:52:38","date_gmt":"2020-07-01T11:52:38","guid":{"rendered":"https:\/\/lacasermetta.com\/we\/"},"modified":"2025-04-10T19:04:20","modified_gmt":"2025-04-10T19:04:20","slug":"we","status":"publish","type":"page","link":"https:\/\/lacasermetta.com\/en\/we\/","title":{"rendered":"We"},"content":{"rendered":"<div class=\"wpb-content-wrapper\"><p>[vc_row full_width=&#8221;stretch_row&#8221; uniqid=&#8221;5eeb60dd228e3&#8243; background_offset_bottom=&#8221;90px&#8221; css=&#8221;{&#8220;mobile_portrait&#8220;: {&#8220;padding-top&#8220;: &#8220;25&#8220;,&#8220;padding-bottom&#8220;: &#8220;45&#8220;}}&#8221;][vc_column width=&#8221;1\/2&#8243;][vc_column_text css=&#8221;{}&#8221; uniqid=&#8221;67aa3d27acdaa&#8221;]<\/p>\n<h2 class=\"h\">Not only The Barracks<\/h2>\n<p>The Casermetta is a historic Vigezzino building built in the second half of the 1800s, which began as a Family Villa and was used for many years as military barracks. When the occupation by the armed forces ended, the structure passed into the hands of a local historical family who restored it to its original beauty. In 2020, La Casermetta is purchased by the company Zoni S.r.l., is remodeled and opened to tourists in 2022.<br \/>\nThe company offers two more unique proposals: the attic apartment inside La Casermetta and a loft-style apartment on Lake Maggiore.[\/vc_column_text][\/vc_column][vc_column width=&#8221;1\/2&#8243;][\/vc_column][\/vc_row][vc_row full_width=&#8221;stretch_row&#8221; pattern_overlay=&#8221;type3&#8243; uniqid=&#8221;5eecbaf1ff388&#8243; pattern_overlay_color=&#8221;#363636&#8243; background_color=&#8221;#404040&#8243;][vc_column offset=&#8221;vc_col-lg-8 vc_col-md-9&#8243; uniqid=&#8221;5eecbcc6f3f2c&#8221;][vc_column_text css=&#8221;{}&#8221; uniqid=&#8221;67aa58352a346&#8243;]<\/p>\n<h3><span style=\"color: #ffffff;\">Our Values<\/span><\/h3>\n<p>&nbsp;<\/p>\n<p><span style=\"color: #ffffff;\">The decision to undertake this activity stems from the realization that the Ossola area offers breathtaking scenery and unforgettable experiences, and from the desire to introduce the latter to tourists from around the world.<\/span><br \/>\n<span style=\"color: #ffffff;\">We are committed to keeping our tradition alive while always keeping our eyes on the future with respect to sustainability and technological innovation.<\/span><\/p>\n<p>&nbsp;<\/p>\n<p>&nbsp;<\/p>\n<p>[\/vc_column_text][\/vc_column][\/vc_row][vc_row equal_height=&#8221;yes&#8221; uniqid=&#8221;5ef07c0b7d8d2&#8243;][vc_column offset=&#8221;vc_col-md-9&#8243; uniqid=&#8221;5eecbe426121f&#8221;][\/vc_column][vc_column width=&#8221;1\/4&#8243; uniqid=&#8221;5ef03f432799d&#8221;]      <div class=\"side-img-block side-img-block-62ab56bf4ca00 with-shadow to-right\">\n        <div style=\"background-image: url(https:\/\/lacasermetta.com\/wp-content\/uploads\/2022\/06\/IMG_7127-scaled-e1657106034861.jpeg);\"><\/div>\n      <\/div>\n    [\/vc_column][\/vc_row][vc_row full_width=&#8221;stretch_row&#8221; uniqid=&#8221;5efc80c03e1bf&#8221; background_color=&#8221;#f0ece7&#8243; background_offset_top=&#8221;373px&#8221; css=&#8221;{&#8220;mobile_portrait&#8220;: {&#8220;padding-bottom&#8220;: &#8220;30&#8220;}}&#8221;][vc_column width=&#8221;1\/4&#8243;][vc_icon type=&#8221;typicons&#8221; icon_typicons=&#8221;typcn typcn-leaf&#8221; align=&#8221;center&#8221; css=&#8221;&#8221;][vc_column_text css=&#8221;{}&#8221; uniqid=&#8221;67f8142ce1544&#8243;]<\/p>\n<h6>Environmental Sustainability<\/h6>\n<p>We are committed to saving the environment. Our facility is plastic Free[\/vc_column_text][\/vc_column][vc_column width=&#8221;1\/4&#8243;][vc_icon icon_fontawesome=&#8221;fa fa-solid fa-bowl-food&#8221; align=&#8221;center&#8221; css=&#8221;&#8221;][vc_column_text css=&#8221;{}&#8221;]<\/p>\n<h6>Kilometer Zero<\/h6>\n<p>We serve only local products or directly prepared at home by our Barbara[\/vc_column_text][\/vc_column][vc_column width=&#8221;1\/4&#8243;][vc_icon type=&#8221;typicons&#8221; icon_typicons=&#8221;typcn typcn-lightbulb&#8221; align=&#8221;center&#8221; css=&#8221;&#8221;][vc_column_text css=&#8221;{}&#8221; uniqid=&#8221;67f81497f2e31&#8243;]<\/p>\n<h6>Technological simplicity<\/h6>\n<p>We make use of home automation systems and keypads to protect our guests and facilitate self check-in.[\/vc_column_text][\/vc_column][vc_column width=&#8221;1\/4&#8243;][vc_icon icon_fontawesome=&#8221;fa fa-solid fa-dog&#8221; align=&#8221;center&#8221; css=&#8221;&#8221;][vc_column_text css=&#8221;{}&#8221; uniqid=&#8221;67f8146675a7f&#8221;]<\/p>\n<h6>For friendly<\/h6>\n<p>We encourage guests to travel with animals. We have cushions and bowls for four-legged friends[\/vc_column_text][\/vc_column][\/vc_row][vc_row full_width=&#8221;stretch_row&#8221; background_color=&#8221;#f0ece7&#8243; background_offset_top=&#8221;373px&#8221; css=&#8221;{&#8220;mobile_portrait&#8220;: {&#8220;padding-bottom&#8220;: &#8220;30&#8220;}}&#8221;][vc_column][vc_column_text css=&#8221;{}&#8221;]<\/p>\n<h4>Other proposals<\/h4>\n<p>[\/vc_column_text][\/vc_column][\/vc_row][vc_row full_width=&#8221;stretch_row&#8221; css=&#8221;{}&#8221; uniqid=&#8221;5ef49d25d5dd6&#8243; background_color=&#8221;#f0ece7&#8243; background_offset_bottom=&#8221;215px&#8221;][vc_column]    <div class=\"side-image-with-content side-image-with-content-5ef0ae42f7cfa right style1\">\n              <div class=\"image\">\n          <div style=\"background-image: url(https:\/\/lacasermetta.com\/wp-content\/uploads\/2022\/06\/sostenibilita\u0300.jpeg);\"><\/div>\n        <\/div>\n            <div class=\"content\">[vc_column_text css=&#8221;{}&#8221; uniqid=&#8221;67aa3d6f9c253&#8243;]<\/p>\n<h3 class=\"h\">A sustainable structure<\/h3>\n<p>We strongly believe in environmental sustainability and protect the land by using measures to reduce our ecological footprint. We are based on a strictly Plastic Free policy, rely on local suppliers, and have a drinking water dispenser that we offer to all customers to reduce the continuous purchase of plastic and glass.<\/p>\n<p>We encourage our guests to visit the area in an eco-friendly way by offering bicycle rental and an electric car charging station in the facility&#8217;s parking lot.<\/p>\n<p>[\/vc_column_text][vc_btn title=&#8221;Book now&#8221; color=&#8221;blue&#8221; css=&#8221;&#8221; link=&#8221;url:https%3A%2F%2Flacasermetta.beddy.io%2F%23%2F%28beddy%3Ahome%29|target:_blank|&#8221;]<\/div>\n          <\/div>\n    [\/vc_column][\/vc_row][vc_row css=&#8221;{&#8220;mobile_portrait&#8220;: {&#8220;margin-bottom&#8220;: &#8220;15&#8220;,&#8220;undefined&#8220;: &#8220;Clear&#8220;},&#8220;mobile_landscape&#8220;: {&#8220;undefined&#8220;: &#8220;Clear&#8220;},&#8220;tablet_portrait&#8220;: {&#8220;undefined&#8220;: &#8220;Clear&#8220;},&#8220;tablet_landscape&#8220;: {&#8220;undefined&#8220;: &#8220;Clear&#8220;},&#8220;desktop&#8220;: {&#8220;undefined&#8220;: &#8220;Clear&#8220;}}&#8221; uniqid=&#8221;5ef19ce19781d&#8221;][vc_column][vc_column_text css=&#8221;{}&#8221; uniqid=&#8221;67aa3e725ce5d&#8221;]<\/p>\n<h4>Customer Reviews<\/h4>\n<p>[\/vc_column_text]    <div class=\"testimonials-slider testimonials-block-5ef0b6f2297d4\">\n              <div class=\"prev base-icon-prev-2\"><\/div>\n        <div class=\"next base-icon-next-2\"><\/div>\n            <div class=\"swiper-container\">\n        <div class=\"swiper-wrapper\">\n                <div class=\"testimonial-item swiper-slide testimonials-item-5ef18ab216eee with-avatar\">\n        <div class=\"top\">\n                      <div class=\"avatar\" style=\"background-image: url(https:\/\/lacasermetta.com\/wp-content\/uploads\/2020\/06\/img9.jpg);\"><\/div>\n                    <div class=\"content\">\n                          <div class=\"name\">Anna T<\/div>\n                          <div class=\"post\">Oasi di relax elegante e raffinata<\/div>\n                        <div class=\"rate\">\n              <i class=\"base-icon-star active\"><\/i>\n              <i class=\"base-icon-star active\"><\/i>\n              <i class=\"base-icon-star active\"><\/i>\n              <i class=\"base-icon-star active\"><\/i>\n              <i class=\"base-icon-star active\"><\/i>\n            <\/div>\n          <\/div>\n        <\/div>\n        <div class=\"quote\">\n          Bellissima struttura curata nei dettagli a due passi dal centro, immersa nel verde. Piccolo gioiello il giardino dove trascorrere momenti di relax. Deliziosa ristrutturazione che ha saputo coniugare le suggestioni della tradizione con la modernit\u00e0. Cordialissimo tutto lo staff        <\/div>\n      <\/div>\n          <div class=\"testimonial-item swiper-slide testimonials-item-5ef18b26f7a8e with-avatar\">\n        <div class=\"top\">\n                      <div class=\"avatar\" style=\"background-image: url(https:\/\/lacasermetta.com\/wp-content\/uploads\/2020\/06\/img17.jpg);\"><\/div>\n                    <div class=\"content\">\n                          <div class=\"name\">marco t<\/div>\n                          <div class=\"post\">\u2076DISPONIBILITA' ED ORIGINALITA'<\/div>\n                        <div class=\"rate\">\n              <i class=\"base-icon-star active\"><\/i>\n              <i class=\"base-icon-star active\"><\/i>\n              <i class=\"base-icon-star active\"><\/i>\n              <i class=\"base-icon-star active\"><\/i>\n              <i class=\"base-icon-star\"><\/i>\n            <\/div>\n          <\/div>\n        <\/div>\n        <div class=\"quote\">\n          Siamo stati accolti in questa splendida struttura con grande cordialit\u00e0 e disponibilit\u00e0 dal signor Leonardo. La location \u00e8 davvero particolare, una vecchia caserma ristrutturata ed arredata con grande gusto, originalit\u00e0 e cura dei dettagli. Raccomando questa struttura a chi cerca un relax in un contesto elegante molto originale senza rinunciare alla simpatica familiarit\u00e0 dei proprietari. Torneremo sicuramente        <\/div>\n      <\/div>\n          <div class=\"testimonial-item swiper-slide testimonials-item-5ef18b3d2b206 with-avatar\">\n        <div class=\"top\">\n                      <div class=\"avatar\" style=\"background-image: url(https:\/\/lacasermetta.com\/wp-content\/uploads\/2020\/06\/img38.jpg);\"><\/div>\n                    <div class=\"content\">\n                          <div class=\"name\">Ilio R<\/div>\n                          <div class=\"post\">Week End di relax e attivit\u00e0 outdoor<\/div>\n                        <div class=\"rate\">\n              <i class=\"base-icon-star active\"><\/i>\n              <i class=\"base-icon-star active\"><\/i>\n              <i class=\"base-icon-star active\"><\/i>\n              <i class=\"base-icon-star active\"><\/i>\n              <i class=\"base-icon-star active\"><\/i>\n            <\/div>\n          <\/div>\n        <\/div>\n        <div class=\"quote\">\n          Esperienza a dir poco superlativa, la struttura \u00e8 stata ristrutturata con una cura maniacale, sia per l'aspetto storico che per il gusto sopraffino nella scelta degli arredi. Pezzi di design e vintage perfettamente integrati sia in camera che nelle zone comuni. La posizione a ridosso del centro storico ed il parcheggio riservato sono sicuramente un plus. Sicuramente torneremo per gustare nuovamente l'assoluto relax.        <\/div>\n      <\/div>\n          <div class=\"testimonial-item swiper-slide testimonials-item-63288360c6863\">\n        <div class=\"top\">\n                    <div class=\"content\">\n                          <div class=\"name\">Fra12482<\/div>\n                          <div class=\"post\">Ottimo albergo<\/div>\n                        <div class=\"rate\">\n              <i class=\"base-icon-star active\"><\/i>\n              <i class=\"base-icon-star active\"><\/i>\n              <i class=\"base-icon-star active\"><\/i>\n              <i class=\"base-icon-star active\"><\/i>\n              <i class=\"base-icon-star active\"><\/i>\n            <\/div>\n          <\/div>\n        <\/div>\n        <div class=\"quote\">\n          Ottimo albergo nel centro di Santa Maria Maggiore. Personale veramente gentilissimo ed attento alle esigenze della clientela. Stanza molto pulita e curata nei dettagli. Vista stupenda dal balcone. Se dovesse esserci occasione tornerei sicuramente. Lo consiglio.        <\/div>\n      <\/div>\n          <div class=\"testimonial-item swiper-slide testimonials-item-6328843088b93\">\n        <div class=\"top\">\n                    <div class=\"content\">\n                          <div class=\"name\">Lorenzo<\/div>\n                          <div class=\"post\">Relax in montagna\ud83d\ude0d<\/div>\n                        <div class=\"rate\">\n              <i class=\"base-icon-star active\"><\/i>\n              <i class=\"base-icon-star active\"><\/i>\n              <i class=\"base-icon-star active\"><\/i>\n              <i class=\"base-icon-star active\"><\/i>\n              <i class=\"base-icon-star active\"><\/i>\n            <\/div>\n          <\/div>\n        <\/div>\n        <div class=\"quote\">\n          Struttura appena rinnovata completa di tutti i comfort, ottima colazione! Relax in pieno centro Santa Maria a due passi dalla piazza!<br \/>\nLa consiglio a tutti coloro che intendono trascorrere un estate al fresco dell Valle Vigezzo!<br \/>\nHost e personale molto gentili.        <\/div>\n      <\/div>\n            <\/div>\n      <\/div>\n              <div class=\"swiper-dots\"><\/div>\n          <\/div>\n    [\/vc_column][\/vc_row]<\/p>\n<\/div>","protected":false},"excerpt":{"rendered":"<p>[vc_row full_width=&#8221;stretch_row&#8221; uniqid=&#8221;5eeb60dd228e3&#8243; background_offset_bottom=&#8221;90px&#8221; css=&#8221;{&#8220;mobile_portrait&#8220;: {&#8220;padding-top&#8220;: &#8220;25&#8220;,&#8220;padding-bottom&#8220;: &#8220;45&#8220;}}&#8221;][vc_column width=&#8221;1\/2&#8243;][vc_column_text css=&#8221;{}&#8221; uniqid=&#8221;67aa3d27acdaa&#8221;] Not only The Barracks The Casermetta is a historic Vigezzino building built in the second half of the 1800s, which began as a Family Villa and was used for many years as military barracks. When the occupation by the armed forces ended, the structure [&hellip;]<\/p>\n","protected":false},"author":4,"featured_media":6735,"parent":0,"menu_order":0,"comment_status":"closed","ping_status":"closed","template":"","meta":{"_acf_changed":false,"footnotes":""},"class_list":["post-6967","page","type-page","status-publish","has-post-thumbnail","hentry"],"acf":[],"_links":{"self":[{"href":"https:\/\/lacasermetta.com\/en\/wp-json\/wp\/v2\/pages\/6967","targetHints":{"allow":["GET"]}}],"collection":[{"href":"https:\/\/lacasermetta.com\/en\/wp-json\/wp\/v2\/pages"}],"about":[{"href":"https:\/\/lacasermetta.com\/en\/wp-json\/wp\/v2\/types\/page"}],"author":[{"embeddable":true,"href":"https:\/\/lacasermetta.com\/en\/wp-json\/wp\/v2\/users\/4"}],"replies":[{"embeddable":true,"href":"https:\/\/lacasermetta.com\/en\/wp-json\/wp\/v2\/comments?post=6967"}],"version-history":[{"count":10,"href":"https:\/\/lacasermetta.com\/en\/wp-json\/wp\/v2\/pages\/6967\/revisions"}],"predecessor-version":[{"id":10883,"href":"https:\/\/lacasermetta.com\/en\/wp-json\/wp\/v2\/pages\/6967\/revisions\/10883"}],"wp:featuredmedia":[{"embeddable":true,"href":"https:\/\/lacasermetta.com\/en\/wp-json\/wp\/v2\/media\/6735"}],"wp:attachment":[{"href":"https:\/\/lacasermetta.com\/en\/wp-json\/wp\/v2\/media?parent=6967"}],"curies":[{"name":"wp","href":"https:\/\/api.w.org\/{rel}","templated":true}]}}