{"id":6962,"date":"2020-07-01T11:52:38","date_gmt":"2020-07-01T11:52:38","guid":{"rendered":"https:\/\/lacasermetta.com\/nous\/"},"modified":"2025-04-10T19:04:20","modified_gmt":"2025-04-10T19:04:20","slug":"nous","status":"publish","type":"page","link":"https:\/\/lacasermetta.com\/fr\/nous\/","title":{"rendered":"Nous"},"content":{"rendered":"<div class=\"wpb-content-wrapper\"><p>[vc_row full_width=&#8221;stretch_row&#8221; uniqid=&#8221;5eeb60dd228e3&#8243; background_offset_bottom=&#8221;90px&#8221; css=&#8221;{&#8220;mobile_portrait&#8220;: {&#8220;padding-top&#8220;: &#8220;25&#8220;,&#8220;padding-bottom&#8220;: &#8220;45&#8220;}}&#8221;][vc_column width=&#8221;1\/2&#8243;][vc_column_text css=&#8221;{}&#8221; uniqid=&#8221;67aa3d27acdaa&#8221;]<\/p>\n<h2 class=\"h\">Non seulement La Casermetta<\/h2>\n<p>La Casermetta est un b\u00e2timent historique de Vigezzo construit dans la seconde moiti\u00e9 du XIXe si\u00e8cle. Il s&#8217;agissait \u00e0 l&#8217;origine d&#8217;une villa familiale utilis\u00e9e pendant de nombreuses ann\u00e9es comme caserne militaire. Lorsque l&#8217;occupation des forces arm\u00e9es a pris fin, la structure est pass\u00e9e aux mains d&#8217;une famille locale historique qui l&#8217;a restaur\u00e9e pour lui redonner sa beaut\u00e9 d&#8217;origine. En 2020, La Casermetta a \u00e9t\u00e9 achet\u00e9e par la soci\u00e9t\u00e9 Zoni S.r.l., r\u00e9nov\u00e9e et ouverte aux touristes en 2022.<br \/>\nLa soci\u00e9t\u00e9 offre deux autres propositions uniques : l&#8217;appartement mansard\u00e9 \u00e0 l&#8217;int\u00e9rieur de La Casermetta et un appartement de style loft au bord du lac Majeur.[\/vc_column_text][\/vc_column][vc_column width=&#8221;1\/2&#8243;][\/vc_column][\/vc_row][vc_row full_width=&#8221;stretch_row&#8221; pattern_overlay=&#8221;type3&#8243; uniqid=&#8221;5eecbaf1ff388&#8243; pattern_overlay_color=&#8221;#363636&#8243; background_color=&#8221;#404040&#8243;][vc_column offset=&#8221;vc_col-lg-8 vc_col-md-9&#8243; uniqid=&#8221;5eecbcc6f3f2c&#8221;][vc_column_text css=&#8221;{}&#8221; uniqid=&#8221;67aa58352a346&#8243;]<\/p>\n<h3><span style=\"color: #ffffff;\">Nos valeurs<\/span><\/h3>\n<p>&nbsp;<\/p>\n<p><span style=\"color: #ffffff;\">La d\u00e9cision d&#8217;entreprendre cette activit\u00e9 d\u00e9coule de la prise de conscience que la r\u00e9gion d&#8217;Ossola offre des paysages \u00e0 couper le souffle et des exp\u00e9riences inoubliables, et de la volont\u00e9 de les faire conna\u00eetre aux touristes du monde entier.<\/span><br \/>\n<span style=\"color: #ffffff;\">Nous nous engageons \u00e0 perp\u00e9tuer notre tradition tout en nous tournant vers l&#8217;avenir, dans le respect de la durabilit\u00e9 et de l&#8217;innovation technologique.<\/span><\/p>\n<p>&nbsp;<\/p>\n<p>&nbsp;<\/p>\n<p>[\/vc_column_text][\/vc_column][\/vc_row][vc_row equal_height=&#8221;yes&#8221; uniqid=&#8221;5ef07c0b7d8d2&#8243;][vc_column offset=&#8221;vc_col-md-9&#8243; uniqid=&#8221;5eecbe426121f&#8221;][\/vc_column][vc_column width=&#8221;1\/4&#8243; uniqid=&#8221;5ef03f432799d&#8221;]      <div class=\"side-img-block side-img-block-62ab56bf4ca00 with-shadow to-right\">\n        <div style=\"background-image: url(https:\/\/lacasermetta.com\/wp-content\/uploads\/2022\/06\/IMG_7127-scaled-e1657106034861.jpeg);\"><\/div>\n      <\/div>\n    [\/vc_column][\/vc_row][vc_row full_width=&#8221;stretch_row&#8221; uniqid=&#8221;5efc80c03e1bf&#8221; background_color=&#8221;#f0ece7&#8243; background_offset_top=&#8221;373px&#8221; css=&#8221;{&#8220;mobile_portrait&#8220;: {&#8220;padding-bottom&#8220;: &#8220;30&#8220;}}&#8221;][vc_column width=&#8221;1\/4&#8243;][vc_icon type=&#8221;typicons&#8221; icon_typicons=&#8221;typcn typcn-leaf&#8221; align=&#8221;center&#8221; css=&#8221;&#8221;][vc_column_text css=&#8221;{}&#8221; uniqid=&#8221;67f8142ce1544&#8243;]<\/p>\n<h6>Durabilit\u00e9 environnementale<\/h6>\n<p>Nous nous engageons \u00e0 pr\u00e9server l&#8217;environnement. Nos installations sont exemptes de plastique.[\/vc_column_text][\/vc_column][vc_column width=&#8221;1\/4&#8243;][vc_icon icon_fontawesome=&#8221;fa fa-solid fa-bowl-food&#8221; align=&#8221;center&#8221; css=&#8221;&#8221;][vc_column_text css=&#8221;{}&#8221;]<\/p>\n<h6>Kilom\u00e8tre z\u00e9ro<\/h6>\n<p>Nous ne servons que des produits locaux ou des produits pr\u00e9par\u00e9s sur place par notre Barbara.[\/vc_column_text][\/vc_column][vc_column width=&#8221;1\/4&#8243;][vc_icon type=&#8221;typicons&#8221; icon_typicons=&#8221;typcn typcn-lightbulb&#8221; align=&#8221;center&#8221; css=&#8221;&#8221;][vc_column_text css=&#8221;{}&#8221; uniqid=&#8221;67f81497f2e31&#8243;]<\/p>\n<h6>Simplicit\u00e9 technologique<\/h6>\n<p>Nous utilisons des syst\u00e8mes domotiques et des claviers pour prot\u00e9ger nos clients et faciliter l&#8217;auto-enregistrement.[\/vc_column_text][\/vc_column][vc_column width=&#8221;1\/4&#8243;][vc_icon icon_fontawesome=&#8221;fa fa-solid fa-dog&#8221; align=&#8221;center&#8221; css=&#8221;&#8221;][vc_column_text css=&#8221;{}&#8221; uniqid=&#8221;67f8146675a7f&#8221;]<\/p>\n<h6>Pour les amis<\/h6>\n<p>Nous encourageons nos h\u00f4tes \u00e0 voyager avec des animaux. Nous fournissons des coussins et des bols pour nos amis \u00e0 quatre pattes.[\/vc_column_text][\/vc_column][\/vc_row][vc_row full_width=&#8221;stretch_row&#8221; background_color=&#8221;#f0ece7&#8243; background_offset_top=&#8221;373px&#8221; css=&#8221;{&#8220;mobile_portrait&#8220;: {&#8220;padding-bottom&#8220;: &#8220;30&#8220;}}&#8221;][vc_column][vc_column_text css=&#8221;{}&#8221;]<\/p>\n<h4>Autres propositions<\/h4>\n<p>[\/vc_column_text][\/vc_column][\/vc_row][vc_row full_width=&#8221;stretch_row&#8221; css=&#8221;{}&#8221; uniqid=&#8221;5ef49d25d5dd6&#8243; background_color=&#8221;#f0ece7&#8243; background_offset_bottom=&#8221;215px&#8221;][vc_column]    <div class=\"side-image-with-content side-image-with-content-5ef0ae42f7cfa right style1\">\n              <div class=\"image\">\n          <div style=\"background-image: url(https:\/\/lacasermetta.com\/wp-content\/uploads\/2022\/06\/sostenibilita\u0300.jpeg);\"><\/div>\n        <\/div>\n            <div class=\"content\">[vc_column_text css=&#8221;{}&#8221; uniqid=&#8221;67aa3d6f9c253&#8243;]<\/p>\n<h3 class=\"h\">Une structure durable<\/h3>\n<p>Nous croyons fermement au d\u00e9veloppement durable et prot\u00e9geons l&#8217;environnement en prenant des mesures pour r\u00e9duire notre empreinte \u00e9cologique. Nous avons une politique strictement sans plastique, nous faisons appel \u00e0 des fournisseurs locaux et nous avons un distributeur d&#8217;eau potable que nous offrons \u00e0 tous nos clients afin de r\u00e9duire l&#8217;achat continu de plastique et de verre. <\/p>\n<p>Nous encourageons nos clients \u00e0 visiter la r\u00e9gion dans le respect de l&#8217;environnement en proposant la location de v\u00e9los et une station de recharge pour les voitures \u00e9lectriques dans le parking de l&#8217;h\u00f4tel.<\/p>\n<p>[\/vc_column_text][vc_btn title=&#8221;R\u00e9servez d\u00e8s maintenant&#8221; color=&#8221;blue&#8221; css=&#8221;&#8221; link=&#8221;url:https%3A%2F%2Flacasermetta.beddy.io%2F%23%2F%28beddy%3Ahome%29|target:_blank|&#8221;]<\/div>\n          <\/div>\n    [\/vc_column][\/vc_row][vc_row css=&#8221;{&#8220;mobile_portrait&#8220;: {&#8220;margin-bottom&#8220;: &#8220;15&#8220;,&#8220;undefined&#8220;: &#8220;Clear&#8220;},&#8220;mobile_landscape&#8220;: {&#8220;undefined&#8220;: &#8220;Clear&#8220;},&#8220;tablet_portrait&#8220;: {&#8220;undefined&#8220;: &#8220;Clear&#8220;},&#8220;tablet_landscape&#8220;: {&#8220;undefined&#8220;: &#8220;Clear&#8220;},&#8220;desktop&#8220;: {&#8220;undefined&#8220;: &#8220;Clear&#8220;}}&#8221; uniqid=&#8221;5ef19ce19781d&#8221;][vc_column][vc_column_text css=&#8221;{}&#8221; uniqid=&#8221;67aa3e725ce5d&#8221;]<\/p>\n<h4>Avis des clients<\/h4>\n<p>[\/vc_column_text]    <div class=\"testimonials-slider testimonials-block-5ef0b6f2297d4\">\n              <div class=\"prev base-icon-prev-2\"><\/div>\n        <div class=\"next base-icon-next-2\"><\/div>\n            <div class=\"swiper-container\">\n        <div class=\"swiper-wrapper\">\n                <div class=\"testimonial-item swiper-slide testimonials-item-5ef18ab216eee with-avatar\">\n        <div class=\"top\">\n                      <div class=\"avatar\" style=\"background-image: url(https:\/\/lacasermetta.com\/wp-content\/uploads\/2020\/06\/img9.jpg);\"><\/div>\n                    <div class=\"content\">\n                          <div class=\"name\">Anna T<\/div>\n                          <div class=\"post\">Oasi di relax elegante e raffinata<\/div>\n                        <div class=\"rate\">\n              <i class=\"base-icon-star active\"><\/i>\n              <i class=\"base-icon-star active\"><\/i>\n              <i class=\"base-icon-star active\"><\/i>\n              <i class=\"base-icon-star active\"><\/i>\n              <i class=\"base-icon-star active\"><\/i>\n            <\/div>\n          <\/div>\n        <\/div>\n        <div class=\"quote\">\n          Bellissima struttura curata nei dettagli a due passi dal centro, immersa nel verde. Piccolo gioiello il giardino dove trascorrere momenti di relax. Deliziosa ristrutturazione che ha saputo coniugare le suggestioni della tradizione con la modernit\u00e0. Cordialissimo tutto lo staff        <\/div>\n      <\/div>\n          <div class=\"testimonial-item swiper-slide testimonials-item-5ef18b26f7a8e with-avatar\">\n        <div class=\"top\">\n                      <div class=\"avatar\" style=\"background-image: url(https:\/\/lacasermetta.com\/wp-content\/uploads\/2020\/06\/img17.jpg);\"><\/div>\n                    <div class=\"content\">\n                          <div class=\"name\">marco t<\/div>\n                          <div class=\"post\">\u2076DISPONIBILITA' ED ORIGINALITA'<\/div>\n                        <div class=\"rate\">\n              <i class=\"base-icon-star active\"><\/i>\n              <i class=\"base-icon-star active\"><\/i>\n              <i class=\"base-icon-star active\"><\/i>\n              <i class=\"base-icon-star active\"><\/i>\n              <i class=\"base-icon-star\"><\/i>\n            <\/div>\n          <\/div>\n        <\/div>\n        <div class=\"quote\">\n          Siamo stati accolti in questa splendida struttura con grande cordialit\u00e0 e disponibilit\u00e0 dal signor Leonardo. La location \u00e8 davvero particolare, una vecchia caserma ristrutturata ed arredata con grande gusto, originalit\u00e0 e cura dei dettagli. Raccomando questa struttura a chi cerca un relax in un contesto elegante molto originale senza rinunciare alla simpatica familiarit\u00e0 dei proprietari. Torneremo sicuramente        <\/div>\n      <\/div>\n          <div class=\"testimonial-item swiper-slide testimonials-item-5ef18b3d2b206 with-avatar\">\n        <div class=\"top\">\n                      <div class=\"avatar\" style=\"background-image: url(https:\/\/lacasermetta.com\/wp-content\/uploads\/2020\/06\/img38.jpg);\"><\/div>\n                    <div class=\"content\">\n                          <div class=\"name\">Ilio R<\/div>\n                          <div class=\"post\">Week End di relax e attivit\u00e0 outdoor<\/div>\n                        <div class=\"rate\">\n              <i class=\"base-icon-star active\"><\/i>\n              <i class=\"base-icon-star active\"><\/i>\n              <i class=\"base-icon-star active\"><\/i>\n              <i class=\"base-icon-star active\"><\/i>\n              <i class=\"base-icon-star active\"><\/i>\n            <\/div>\n          <\/div>\n        <\/div>\n        <div class=\"quote\">\n          Esperienza a dir poco superlativa, la struttura \u00e8 stata ristrutturata con una cura maniacale, sia per l'aspetto storico che per il gusto sopraffino nella scelta degli arredi. Pezzi di design e vintage perfettamente integrati sia in camera che nelle zone comuni. La posizione a ridosso del centro storico ed il parcheggio riservato sono sicuramente un plus. Sicuramente torneremo per gustare nuovamente l'assoluto relax.        <\/div>\n      <\/div>\n          <div class=\"testimonial-item swiper-slide testimonials-item-63288360c6863\">\n        <div class=\"top\">\n                    <div class=\"content\">\n                          <div class=\"name\">Fra12482<\/div>\n                          <div class=\"post\">Ottimo albergo<\/div>\n                        <div class=\"rate\">\n              <i class=\"base-icon-star active\"><\/i>\n              <i class=\"base-icon-star active\"><\/i>\n              <i class=\"base-icon-star active\"><\/i>\n              <i class=\"base-icon-star active\"><\/i>\n              <i class=\"base-icon-star active\"><\/i>\n            <\/div>\n          <\/div>\n        <\/div>\n        <div class=\"quote\">\n          Ottimo albergo nel centro di Santa Maria Maggiore. Personale veramente gentilissimo ed attento alle esigenze della clientela. Stanza molto pulita e curata nei dettagli. Vista stupenda dal balcone. Se dovesse esserci occasione tornerei sicuramente. Lo consiglio.        <\/div>\n      <\/div>\n          <div class=\"testimonial-item swiper-slide testimonials-item-6328843088b93\">\n        <div class=\"top\">\n                    <div class=\"content\">\n                          <div class=\"name\">Lorenzo<\/div>\n                          <div class=\"post\">Relax in montagna\ud83d\ude0d<\/div>\n                        <div class=\"rate\">\n              <i class=\"base-icon-star active\"><\/i>\n              <i class=\"base-icon-star active\"><\/i>\n              <i class=\"base-icon-star active\"><\/i>\n              <i class=\"base-icon-star active\"><\/i>\n              <i class=\"base-icon-star active\"><\/i>\n            <\/div>\n          <\/div>\n        <\/div>\n        <div class=\"quote\">\n          Struttura appena rinnovata completa di tutti i comfort, ottima colazione! Relax in pieno centro Santa Maria a due passi dalla piazza!<br \/>\nLa consiglio a tutti coloro che intendono trascorrere un estate al fresco dell Valle Vigezzo!<br \/>\nHost e personale molto gentili.        <\/div>\n      <\/div>\n            <\/div>\n      <\/div>\n              <div class=\"swiper-dots\"><\/div>\n          <\/div>\n    [\/vc_column][\/vc_row]<\/p>\n<\/div>","protected":false},"excerpt":{"rendered":"<p>[vc_row full_width=&#8221;stretch_row&#8221; uniqid=&#8221;5eeb60dd228e3&#8243; background_offset_bottom=&#8221;90px&#8221; css=&#8221;{&#8220;mobile_portrait&#8220;: {&#8220;padding-top&#8220;: &#8220;25&#8220;,&#8220;padding-bottom&#8220;: &#8220;45&#8220;}}&#8221;][vc_column width=&#8221;1\/2&#8243;][vc_column_text css=&#8221;{}&#8221; uniqid=&#8221;67aa3d27acdaa&#8221;] Non seulement La Casermetta La Casermetta est un b\u00e2timent historique de Vigezzo construit dans la seconde moiti\u00e9 du XIXe si\u00e8cle. Il s&#8217;agissait \u00e0 l&#8217;origine d&#8217;une villa familiale utilis\u00e9e pendant de nombreuses ann\u00e9es comme caserne militaire. Lorsque l&#8217;occupation des forces arm\u00e9es a pris fin, la [&hellip;]<\/p>\n","protected":false},"author":4,"featured_media":6736,"parent":0,"menu_order":0,"comment_status":"closed","ping_status":"closed","template":"","meta":{"_acf_changed":false,"footnotes":""},"class_list":["post-6962","page","type-page","status-publish","has-post-thumbnail","hentry"],"acf":[],"_links":{"self":[{"href":"https:\/\/lacasermetta.com\/fr\/wp-json\/wp\/v2\/pages\/6962","targetHints":{"allow":["GET"]}}],"collection":[{"href":"https:\/\/lacasermetta.com\/fr\/wp-json\/wp\/v2\/pages"}],"about":[{"href":"https:\/\/lacasermetta.com\/fr\/wp-json\/wp\/v2\/types\/page"}],"author":[{"embeddable":true,"href":"https:\/\/lacasermetta.com\/fr\/wp-json\/wp\/v2\/users\/4"}],"replies":[{"embeddable":true,"href":"https:\/\/lacasermetta.com\/fr\/wp-json\/wp\/v2\/comments?post=6962"}],"version-history":[{"count":14,"href":"https:\/\/lacasermetta.com\/fr\/wp-json\/wp\/v2\/pages\/6962\/revisions"}],"predecessor-version":[{"id":10882,"href":"https:\/\/lacasermetta.com\/fr\/wp-json\/wp\/v2\/pages\/6962\/revisions\/10882"}],"wp:featuredmedia":[{"embeddable":true,"href":"https:\/\/lacasermetta.com\/fr\/wp-json\/wp\/v2\/media\/6736"}],"wp:attachment":[{"href":"https:\/\/lacasermetta.com\/fr\/wp-json\/wp\/v2\/media?parent=6962"}],"curies":[{"name":"wp","href":"https:\/\/api.w.org\/{rel}","templated":true}]}}