{"id":6982,"date":"2020-07-01T13:37:23","date_gmt":"2020-07-01T13:37:23","guid":{"rendered":"https:\/\/lacasermetta.com\/contact\/"},"modified":"2025-04-10T18:34:20","modified_gmt":"2025-04-10T18:34:20","slug":"contact","status":"publish","type":"page","link":"https:\/\/lacasermetta.com\/fr\/contact\/","title":{"rendered":"Contact"},"content":{"rendered":"<div class=\"wpb-content-wrapper\"><p>[vc_row full_width=&#8221;stretch_row_content_no_spaces&#8221; uniqid=&#8221;5e9847957836e&#8221; css=&#8221;{&#8220;mobile_portrait&#8220;: {&#8220;padding-top&#8220;: &#8220;38&#8220;}}&#8221;][vc_column][vc_raw_html css=&#8221;&#8221;]PGlmcmFtZSBzcmM9Imh0dHBzOi8vd3d3Lmdvb2dsZS5jb20vbWFwcy9lbWJlZD9wYj0hMW0xNiExbTEyITFtMyExZDEyNjcuNjY3MzM1MzQwMTczITJkOC40NjkwOTk2ODg1NDM3NDUhM2Q0Ni4xMzQ3ODA1Mjc3NTQ0ITJtMyExZjAhMmYwITNmMCEzbTIhMWkxMDI0ITJpNzY4ITRmMTMuMSEybTEhMXNsYSUyMGNhc2VybWV0dGEhNWUwITNtMiExc2l0ITJzaXQhNHYxNzM5MjA5NDUyNTE4ITVtMiExc2l0ITJzaXQiIHdpZHRoPSIxMDAlIiBoZWlnaHQ9IjU1MCIgc3R5bGU9ImJvcmRlcjowOyIgYWxsb3dmdWxsc2NyZWVuPSIiIGxvYWRpbmc9ImxhenkiIHJlZmVycmVycG9saWN5PSJuby1yZWZlcnJlci13aGVuLWRvd25ncmFkZSI+PC9pZnJhbWU+[\/vc_raw_html][\/vc_column][\/vc_row][vc_row css=&#8221;{&#8220;mobile_portrait&#8220;: {&#8220;margin-top&#8220;: &#8220;65&#8220;,&#8220;margin-bottom&#8220;: &#8220;10&#8220;}}&#8221; uniqid=&#8221;5e98515fd55cd&#8221;][vc_column width=&#8221;1\/2&#8243; offset=&#8221;vc_col-lg-5&#8243; uniqid=&#8221;5e9847e45fa8a&#8221;][vc_column_text css=&#8221;{}&#8221; uniqid=&#8221;67aa3996ade6e&#8221;]<\/p>\n<h5>N&#8217;h\u00e9sitez pas \u00e0 nous contacter \u00e0 l&#8217;adresse<br \/>\nsi vous avez besoin d&#8217;aide.<\/h5>\n<p>[\/vc_column_text][vc_raw_html]PGRpdiBjbGFzcz0iY29udGFjdC1pdGVtIj4KICA8ZGl2IGNsYXNzPSJsYWJlbCI+VmFsbMOpZSBkZSBWaWdlenpvPC9kaXY+CiAgPGRpdiBjbGFzcz0idmFsdWUiPlZpYSBQaXR0b3IgRy4gQm9yZ25pcywgMS8zPGJyPjxzcGFuPjI4ODU3LCBTYW50YSBNYXJpYSBNYWdnaW9yZSAoVkIpPC9zcGFuPjwvZGl2Pgo8L2Rpdj4KPGRpdiBjbGFzcz0iY29udGFjdC1pdGVtIj4KICA8ZGl2IGNsYXNzPSJsYWJlbCI+SXRhbGllPC9kaXY+CiAgPGRpdiBjbGFzcz0idmFsdWUiPkhldXJlcyA6IDg6MDAgfCAxNjowMDwvc3Bhbj48L2Rpdj4KPC9kaXY+CjxkaXYgY2xhc3M9ImNvbnRhY3QtaXRlbSI+CiAgPGRpdiBjbGFzcz0ibGFiZWwiPkNvbnRhY3Q8L2Rpdj4KICA8ZGl2IGNsYXNzPSJ2YWx1ZSI+TGVvbmFyZG8gKzM5IDMzOCAyNTQwOTgzPGJyPkJhcmJhcmEgKzM5IDMzMSAxNzkxNDU1PGJyPjxiPmluZm9AbGFjYXNlcm1ldHRhLmNvbTwvYj48L2Rpdj4KPC9kaXY+[\/vc_raw_html][\/vc_column][vc_column width=&#8221;1\/2&#8243; offset=&#8221;vc_col-lg-7&#8243; uniqid=&#8221;5e984802979e9&#8243; css=&#8221;{}&#8221;][vc_column_text css=&#8221;{}&#8221; uniqid=&#8221;67aa391b2ca45&#8243;]<\/p>\n<h6>\u00c9crivez-nous<\/h6>\n<p>[\/vc_column_text]\n<div class=\"wpcf7 no-js\" id=\"wpcf7-f10888-o1\" lang=\"fr-FR\" dir=\"ltr\" data-wpcf7-id=\"10888\">\n<div class=\"screen-reader-response\"><p role=\"status\" aria-live=\"polite\" aria-atomic=\"true\"><\/p> <ul><\/ul><\/div>\n<form action=\"\/fr\/wp-json\/wp\/v2\/pages\/6982#wpcf7-f10888-o1\" method=\"post\" class=\"wpcf7-form init\" aria-label=\"Formulaire de contact\" novalidate=\"novalidate\" data-status=\"init\">\n<fieldset class=\"hidden-fields-container\"><input type=\"hidden\" name=\"_wpcf7\" value=\"10888\" \/><input type=\"hidden\" name=\"_wpcf7_version\" value=\"6.1.5\" \/><input type=\"hidden\" name=\"_wpcf7_locale\" value=\"fr_FR\" \/><input type=\"hidden\" name=\"_wpcf7_unit_tag\" value=\"wpcf7-f10888-o1\" \/><input type=\"hidden\" name=\"_wpcf7_container_post\" value=\"0\" \/><input type=\"hidden\" name=\"_wpcf7_posted_data_hash\" value=\"\" \/>\n<\/fieldset>\n<div class=\"contact-form2\">\n\t<div class=\"row\">\n\t\t<div class=\"col-12 col-sm-6\"><span class=\"wpcf7-form-control-wrap\" data-name=\"f-name\"><input size=\"40\" maxlength=\"400\" class=\"wpcf7-form-control wpcf7-text wpcf7-validates-as-required style1\" aria-required=\"true\" aria-invalid=\"false\" placeholder=\"Votre nom*.\" value=\"\" type=\"text\" name=\"f-name\" \/><\/span><\/div>\n\t\t<div class=\"col-12 col-sm-6\"><span class=\"wpcf7-form-control-wrap\" data-name=\"f-email\"><input size=\"40\" maxlength=\"400\" class=\"wpcf7-form-control wpcf7-text wpcf7-validates-as-required style1\" aria-required=\"true\" aria-invalid=\"false\" placeholder=\"Votre email*.\" value=\"\" type=\"text\" name=\"f-email\" \/><\/span><\/div>\n\t\t<div class=\"col-12\"><span class=\"wpcf7-form-control-wrap\" data-name=\"f-message\"><textarea cols=\"40\" rows=\"10\" maxlength=\"2000\" class=\"wpcf7-form-control wpcf7-textarea wpcf7-validates-as-required style1\" aria-required=\"true\" aria-invalid=\"false\" placeholder=\"Votre demande*.\" name=\"f-message\"><\/textarea><\/span><\/div>\n\t\t<div class=\"require-text\">Tous les champs marqu\u00e9s d'un \"*\" sont obligatoires pour soumettre ce formulaire.\n<\/div>\n\t\t<div class=\"col-12\"><input class=\"wpcf7-form-control wpcf7-submit has-spinner button-style1\" type=\"submit\" value=\"Envoyer\" \/><\/div>\n\t<\/div>\n<\/div><div class=\"wpcf7-response-output\" aria-hidden=\"true\"><\/div>\n<\/form>\n<\/div>\n[\/vc_column][\/vc_row]<\/p>\n<\/div>","protected":false},"excerpt":{"rendered":"<p>[vc_row full_width=&#8221;stretch_row_content_no_spaces&#8221; uniqid=&#8221;5e9847957836e&#8221; css=&#8221;{&#8220;mobile_portrait&#8220;: {&#8220;padding-top&#8220;: &#8220;38&#8220;}}&#8221;][vc_column][vc_raw_html css=&#8221;&#8221;]PGlmcmFtZSBzcmM9Imh0dHBzOi8vd3d3Lmdvb2dsZS5jb20vbWFwcy9lbWJlZD9wYj0hMW0xNiExbTEyITFtMyExZDEyNjcuNjY3MzM1MzQwMTczITJkOC40NjkwOTk2ODg1NDM3NDUhM2Q0Ni4xMzQ3ODA1Mjc3NTQ0ITJtMyExZjAhMmYwITNmMCEzbTIhMWkxMDI0ITJpNzY4ITRmMTMuMSEybTEhMXNsYSUyMGNhc2VybWV0dGEhNWUwITNtMiExc2l0ITJzaXQhNHYxNzM5MjA5NDUyNTE4ITVtMiExc2l0ITJzaXQiIHdpZHRoPSIxMDAlIiBoZWlnaHQ9IjU1MCIgc3R5bGU9ImJvcmRlcjowOyIgYWxsb3dmdWxsc2NyZWVuPSIiIGxvYWRpbmc9ImxhenkiIHJlZmVycmVycG9saWN5PSJuby1yZWZlcnJlci13aGVuLWRvd25ncmFkZSI+PC9pZnJhbWU+[\/vc_raw_html][\/vc_column][\/vc_row][vc_row css=&#8221;{&#8220;mobile_portrait&#8220;: {&#8220;margin-top&#8220;: &#8220;65&#8220;,&#8220;margin-bottom&#8220;: &#8220;10&#8220;}}&#8221; uniqid=&#8221;5e98515fd55cd&#8221;][vc_column width=&#8221;1\/2&#8243; offset=&#8221;vc_col-lg-5&#8243; uniqid=&#8221;5e9847e45fa8a&#8221;][vc_column_text css=&#8221;{}&#8221; uniqid=&#8221;67aa3996ade6e&#8221;] N&#8217;h\u00e9sitez pas \u00e0 nous contacter \u00e0 l&#8217;adresse si vous avez besoin d&#8217;aide. [\/vc_column_text][vc_raw_html]PGRpdiBjbGFzcz0iY29udGFjdC1pdGVtIj4KICA8ZGl2IGNsYXNzPSJsYWJlbCI+VmFsbMOpZSBkZSBWaWdlenpvPC9kaXY+CiAgPGRpdiBjbGFzcz0idmFsdWUiPlZpYSBQaXR0b3IgRy4gQm9yZ25pcywgMS8zPGJyPjxzcGFuPjI4ODU3LCBTYW50YSBNYXJpYSBNYWdnaW9yZSAoVkIpPC9zcGFuPjwvZGl2Pgo8L2Rpdj4KPGRpdiBjbGFzcz0iY29udGFjdC1pdGVtIj4KICA8ZGl2IGNsYXNzPSJsYWJlbCI+SXRhbGllPC9kaXY+CiAgPGRpdiBjbGFzcz0idmFsdWUiPkhldXJlcyA6IDg6MDAgfCAxNjowMDwvc3Bhbj48L2Rpdj4KPC9kaXY+CjxkaXYgY2xhc3M9ImNvbnRhY3QtaXRlbSI+CiAgPGRpdiBjbGFzcz0ibGFiZWwiPkNvbnRhY3Q8L2Rpdj4KICA8ZGl2IGNsYXNzPSJ2YWx1ZSI+TGVvbmFyZG8gKzM5IDMzOCAyNTQwOTgzPGJyPkJhcmJhcmEgKzM5IDMzMSAxNzkxNDU1PGJyPjxiPmluZm9AbGFjYXNlcm1ldHRhLmNvbTwvYj48L2Rpdj4KPC9kaXY+[\/vc_raw_html][\/vc_column][vc_column width=&#8221;1\/2&#8243; offset=&#8221;vc_col-lg-7&#8243; uniqid=&#8221;5e984802979e9&#8243; css=&#8221;{}&#8221;][vc_column_text css=&#8221;{}&#8221; uniqid=&#8221;67aa391b2ca45&#8243;] \u00c9crivez-nous [\/vc_column_text][\/vc_column][\/vc_row]<\/p>\n","protected":false},"author":4,"featured_media":0,"parent":0,"menu_order":0,"comment_status":"closed","ping_status":"closed","template":"","meta":{"_acf_changed":false,"footnotes":""},"class_list":["post-6982","page","type-page","status-publish","hentry"],"acf":[],"_links":{"self":[{"href":"https:\/\/lacasermetta.com\/fr\/wp-json\/wp\/v2\/pages\/6982","targetHints":{"allow":["GET"]}}],"collection":[{"href":"https:\/\/lacasermetta.com\/fr\/wp-json\/wp\/v2\/pages"}],"about":[{"href":"https:\/\/lacasermetta.com\/fr\/wp-json\/wp\/v2\/types\/page"}],"author":[{"embeddable":true,"href":"https:\/\/lacasermetta.com\/fr\/wp-json\/wp\/v2\/users\/4"}],"replies":[{"embeddable":true,"href":"https:\/\/lacasermetta.com\/fr\/wp-json\/wp\/v2\/comments?post=6982"}],"version-history":[{"count":1,"href":"https:\/\/lacasermetta.com\/fr\/wp-json\/wp\/v2\/pages\/6982\/revisions"}],"predecessor-version":[{"id":6991,"href":"https:\/\/lacasermetta.com\/fr\/wp-json\/wp\/v2\/pages\/6982\/revisions\/6991"}],"wp:attachment":[{"href":"https:\/\/lacasermetta.com\/fr\/wp-json\/wp\/v2\/media?parent=6982"}],"curies":[{"name":"wp","href":"https:\/\/api.w.org\/{rel}","templated":true}]}}